{"id":201,"date":"2015-12-18T00:37:47","date_gmt":"2015-12-18T00:37:47","guid":{"rendered":"http:\/\/hostcasadepiedra.com.ar\/hosteria\/?page_id=201"},"modified":"2023-12-27T20:58:44","modified_gmt":"2023-12-27T20:58:44","slug":"disponibilidad","status":"publish","type":"page","link":"http:\/\/hostcasadepiedra.com.ar\/hosteria\/disponibilidad\/","title":{"rendered":"DISPONIBILIDAD"},"content":{"rendered":"<p>&nbsp;<\/p>\n<p>DISPONIBLE DESDE enero&nbsp; 2021&nbsp; A SEMANA SANTA 2021<\/p>\n<p>&nbsp;<\/p>\n<p>&nbsp;<\/p>\n<p><strong><\/strong><strong>&nbsp;INCLUYE &nbsp;DESAYUNO <\/strong><\/p>\n<p><strong>tv &nbsp;cable, cochera cubierta, blanco y mucama , &nbsp;&nbsp;excelente ubicaci\u00f3n estamos a 100 mts del r\u00edo,<\/strong> <strong>200 mts del centro. Contamos con parque, piscina, asador, microondas &nbsp;quincho, sala de TV, &nbsp;DVD, Wi fi, SUM, &nbsp;servicio de salud y emergencias. Adem\u00e1s la hoster\u00eda califica como ambiente libre de humo, solo se permite fumar en determinados lugares del parque.&nbsp;<\/strong><\/p>\n<p>Tambi\u00e9n &nbsp;disponemos&nbsp; de pormenorizado asesoramiento tur\u00edstico (balnearios, eventos, gastronom\u00eda, turismo&nbsp; tradicional y alternativo). El pago es en efectivo, y o tarjetas de&nbsp; d\u00e9bito y &nbsp;credito &nbsp;Nuestra &nbsp;&nbsp;<a href=\"http:\/\/www.hostcasadepiedra.com.ar\/\" target=\"_blank\" rel=\"noopener\">www.hostcasadepiedra.com.ar<\/a>&nbsp; &#8211;&nbsp; Nuestro correo&nbsp;&nbsp;<a href=\"mailto:hostcasadepiedra@gmail.com\" target=\"_blank\" rel=\"noopener\">hostcasadepiedra@gmail.com<\/a><\/p>\n<p><strong>PARA RESERVAR:<\/strong><\/p>\n<p>comunicarse por este medio, o telef\u00f3nicamente al fijo&nbsp; &nbsp;03544-470188&#8211;cel&nbsp; 3544-439584\/3&#8212;<\/p>\n<p><strong>ENVIANDO :<\/strong><\/p>\n<p>nombres y apellidos<\/p>\n<p>cantidad de pasajeros<\/p>\n<p>d\u00eda de ingreso y salida<\/p>\n<p>veh\u00edculo en &nbsp;que vienen (para programar la cochera)<\/p>\n<p>TE &nbsp;cel y fijo<\/p>\n<p>Muchas gracias por su consulta,<\/p>\n<p>Hoster\u00eda Casa de Piedra la\/o saluda atte.<\/p>\n<p>&nbsp;<\/p>\n<p>&nbsp;<\/p>\n<p>&nbsp;<\/p>\n<p>&nbsp;<\/p>\n<div><img alt=\"\"><\/div>\n","protected":false},"excerpt":{"rendered":"<p>&nbsp; DISPONIBLE DESDE enero&nbsp; 2021&nbsp; A SEMANA SANTA 2021 &nbsp; &nbsp; &nbsp;INCLUYE &nbsp;DESAYUNO tv &nbsp;cable, cochera cubierta, blanco y mucama , &nbsp;&nbsp;excelente ubicaci\u00f3n estamos a 100 mts del r\u00edo, 200 mts del centro. Contamos con parque, piscina, asador, microondas &nbsp;quincho, sala de TV, &nbsp;DVD, Wi fi, SUM, &nbsp;servicio de salud y emergencias. Adem\u00e1s la hoster\u00eda [&hellip;]<\/p>\n","protected":false},"author":3,"featured_media":0,"parent":0,"menu_order":9,"comment_status":"open","ping_status":"closed","template":"page_r.php","meta":{"footnotes":""},"class_list":["post-201","page","type-page","status-publish","hentry"],"_links":{"self":[{"href":"http:\/\/hostcasadepiedra.com.ar\/hosteria\/wp-json\/wp\/v2\/pages\/201","targetHints":{"allow":["GET"]}}],"collection":[{"href":"http:\/\/hostcasadepiedra.com.ar\/hosteria\/wp-json\/wp\/v2\/pages"}],"about":[{"href":"http:\/\/hostcasadepiedra.com.ar\/hosteria\/wp-json\/wp\/v2\/types\/page"}],"author":[{"embeddable":true,"href":"http:\/\/hostcasadepiedra.com.ar\/hosteria\/wp-json\/wp\/v2\/users\/3"}],"replies":[{"embeddable":true,"href":"http:\/\/hostcasadepiedra.com.ar\/hosteria\/wp-json\/wp\/v2\/comments?post=201"}],"version-history":[{"count":70,"href":"http:\/\/hostcasadepiedra.com.ar\/hosteria\/wp-json\/wp\/v2\/pages\/201\/revisions"}],"predecessor-version":[{"id":638,"href":"http:\/\/hostcasadepiedra.com.ar\/hosteria\/wp-json\/wp\/v2\/pages\/201\/revisions\/638"}],"wp:attachment":[{"href":"http:\/\/hostcasadepiedra.com.ar\/hosteria\/wp-json\/wp\/v2\/media?parent=201"}],"curies":[{"name":"wp","href":"https:\/\/api.w.org\/{rel}","templated":true}]}}