{"id":76,"date":"2012-11-30T18:08:52","date_gmt":"2012-11-30T18:08:52","guid":{"rendered":"http:\/\/hostcasadepiedra.com.ar\/hosteria\/?page_id=76"},"modified":"2012-11-30T18:29:43","modified_gmt":"2012-11-30T18:29:43","slug":"ubicacion","status":"publish","type":"page","link":"http:\/\/hostcasadepiedra.com.ar\/hosteria\/ubicacion\/","title":{"rendered":"UBICACION"},"content":{"rendered":"<h4>MINA CLAVERO<\/h4>\n<p><a href=\"http:\/\/hostcasadepiedra.com.ar\/hosteria\/wp-content\/uploads\/2012\/11\/planomina.jpg\"><img loading=\"lazy\" decoding=\"async\" class=\"alignleft  wp-image-88\" title=\"Mina Clavero\" src=\"http:\/\/hostcasadepiedra.com.ar\/hosteria\/wp-content\/uploads\/2012\/11\/planomina.jpg\" alt=\"\" width=\"356\" height=\"367\" srcset=\"http:\/\/hostcasadepiedra.com.ar\/hosteria\/wp-content\/uploads\/2012\/11\/planomina.jpg 450w, http:\/\/hostcasadepiedra.com.ar\/hosteria\/wp-content\/uploads\/2012\/11\/planomina-290x300.jpg 290w\" sizes=\"auto, (max-width: 356px) 100vw, 356px\" \/><\/a>Al pie de las Sierras Grandes, Mina Clavero invita a descubrir las maravillas del Valle de Traslasierra. La tierra donde el sol brilla casi todos los d\u00edas del a\u00f1o y donde el aire y el agua conservan su pureza. La tierra donde alguna vez habitaron los Comechingones y donde hoy lo espera un pueblo sencillo, de trato c\u00e1lido y amable. Un pueblo siempre dispuesto a compartir con el visitante todo aquello por lo que siente orgullo: sus playas y sus r\u00edos, el Champaqu\u00ed y el dique La Vi\u00f1a, su anfiteatro, la Quebrada del Condorito, su cer\u00e1mica negra y sus tejidos.<\/p>\n<h4><\/h4>\n<p>&nbsp;<\/p>\n<h4>Desde cualquier punto del pais<\/h4>\n<p>Mina Clavero se encuentra en el Valle de Traslasierra, a 150 kil\u00f3metros al oeste de la ciudad de C\u00f3rdoba, entre las sierras de Achala y de Pocho. Se puede acceder por v\u00eda a\u00e9rea o terrestre. Las rutas de acceso est\u00e1n en buen estado. Los servicios de transporte p\u00fablico llegan a la localidad desde distintos puntos del pa\u00eds. Tres son las opciones que permiten el arribo a la ciudad por via \u00e1erea: el aeropuerto de la ciudad de C\u00f3rdoba; el de Santa Rosa de Conlara (San Luis); y el Aer\u00f3dromo Municipal de Mina Clavero, solo para vuelos particulares. Mientras que, en tren se puede llegar desde Buenos Aires hasta la ciudad de C\u00f3rdoba.<\/p>\n<p><img loading=\"lazy\" decoding=\"async\" class=\"alignleft size-full wp-image-90\" title=\"Pcia C\u00f3rdoba\" src=\"http:\/\/hostcasadepiedra.com.ar\/hosteria\/wp-content\/uploads\/2012\/11\/ubicacion_pcia.jpg\" alt=\"\" width=\"269\" height=\"406\" srcset=\"http:\/\/hostcasadepiedra.com.ar\/hosteria\/wp-content\/uploads\/2012\/11\/ubicacion_pcia.jpg 269w, http:\/\/hostcasadepiedra.com.ar\/hosteria\/wp-content\/uploads\/2012\/11\/ubicacion_pcia-198x300.jpg 198w\" sizes=\"auto, (max-width: 269px) 100vw, 269px\" \/>\u00a0<img loading=\"lazy\" decoding=\"async\" class=\"alignleft size-full wp-image-89\" title=\"Argentina\" src=\"http:\/\/hostcasadepiedra.com.ar\/hosteria\/wp-content\/uploads\/2012\/11\/ubicacion_pais.jpg\" alt=\"\" width=\"269\" height=\"574\" srcset=\"http:\/\/hostcasadepiedra.com.ar\/hosteria\/wp-content\/uploads\/2012\/11\/ubicacion_pais.jpg 269w, http:\/\/hostcasadepiedra.com.ar\/hosteria\/wp-content\/uploads\/2012\/11\/ubicacion_pais-140x300.jpg 140w\" sizes=\"auto, (max-width: 269px) 100vw, 269px\" \/><\/p>\n<p>&nbsp;<\/p>\n<h6>Distancias en kil\u00f3metros desde las capitales de provincias argentinas<\/h6>\n<style>\n\t#content_wrapper .table_gray table \n\t{\n\t\tborder:1px solid #757575;\n\t}\n\t#content_wrapper .table_gray table tr th\n\t{\n\t\tbackground: -webkit-gradient(linear, left top, left bottom, from(#858585), to(#666666));background: -moz-linear-gradient(top,  #858585,  #666666);filter:  progid:DXImageTransform.Microsoft.gradient(startColorstr='#858585', endColorstr='#666666');color:#ffffff;\n\t}\n\t#content_wrapper .table_gray table tr th, #content_wrapper .table_gray table tr td\n\t{\n\t\tborder-bottom:1px solid #757575;\n\t}\n\t#content_wrapper table tr:last-child\n\t{\n\t\tborder-bottom: 0;\n\t}\n\t<\/style>\n<div class=\"table_gray\">\n<table width=\"300px\" cellspacing=\"0\" cellpadding=\"0\">\n<thead>\n<tr>\n<th style=\"width: 240px;\">Localidad<\/th>\n<th style=\"width: 60px;\">Distancia<\/th>\n<\/tr>\n<\/thead>\n<tbody>\n<tr>\n<td>Buenos Aires<\/td>\n<td>835 km.<\/td>\n<\/tr>\n<tr>\n<td>C\u00f3rdoba<\/td>\n<td>144 km.<\/td>\n<\/tr>\n<tr>\n<td>Corrientes<\/td>\n<td>1020 km.<\/td>\n<\/tr>\n<tr>\n<td>Formosa<\/td>\n<td>1158 km.<\/td>\n<\/tr>\n<tr>\n<td>La Plata<\/td>\n<td>886 km.<\/td>\n<\/tr>\n<tr>\n<td>La Rioja<\/td>\n<td>401 km.<\/td>\n<\/tr>\n<tr>\n<td>Mendoza<\/td>\n<td>543 km.<\/td>\n<\/tr>\n<tr>\n<td>Neuqu\u00e9n<\/td>\n<td>1023 km.<\/td>\n<\/tr>\n<tr>\n<td>Paran\u00e1<\/td>\n<td>505 km.<\/td>\n<\/tr>\n<tr>\n<td>Posadas<\/td>\n<td>1255 km.<\/td>\n<\/tr>\n<tr>\n<td>Rawson<\/td>\n<td>1461 km.<\/td>\n<\/tr>\n<tr>\n<td>Resistencia<\/td>\n<td>993 km.<\/td>\n<\/tr>\n<tr>\n<td>R\u00edo Gallegos<\/td>\n<td>2570 km.<\/td>\n<\/tr>\n<tr>\n<td>Rosario<\/td>\n<td>447 km.<\/td>\n<\/tr>\n<tr>\n<td>Salta<\/td>\n<td>927 km.<\/td>\n<\/tr>\n<tr>\n<td>Sn F. del V. de Catamarca<\/td>\n<td>514 km.<\/td>\n<\/tr>\n<tr>\n<td>San Juan<\/td>\n<td>398 km.<\/td>\n<\/tr>\n<tr>\n<td>San Luis<\/td>\n<td>229 km.<\/td>\n<\/tr>\n<tr>\n<td>San Miguel de Tucum\u00e1n<\/td>\n<td>631 km.<\/td>\n<\/tr>\n<tr>\n<td>San Salvador de Jujuy<\/td>\n<td>952 km.<\/td>\n<\/tr>\n<tr>\n<td>Santa Fe<\/td>\n<td>473 km.<\/td>\n<\/tr>\n<tr>\n<td>Santa Rosa<\/td>\n<td>650 km.<\/td>\n<\/tr>\n<tr>\n<td>Santiago del Estero<\/td>\n<td>576 km.<\/td>\n<\/tr>\n<tr>\n<td>Viedma<\/td>\n<td>1222 km.<\/td>\n<\/tr>\n<tr>\n<td>Ushuaia<\/td>\n<td>3172 km.<\/td>\n<\/tr>\n<\/tbody>\n<\/table>\n<\/div>\n","protected":false},"excerpt":{"rendered":"<p>MINA CLAVERO Al pie de las Sierras Grandes, Mina Clavero invita a descubrir las maravillas del Valle de Traslasierra. La tierra donde el sol brilla casi todos los d\u00edas del a\u00f1o y donde el aire y el agua conservan su pureza. La tierra donde alguna vez habitaron los Comechingones y donde hoy lo espera un [&hellip;]<\/p>\n","protected":false},"author":1,"featured_media":0,"parent":0,"menu_order":0,"comment_status":"open","ping_status":"open","template":"page_r.php","meta":{"footnotes":""},"class_list":["post-76","page","type-page","status-publish","hentry"],"_links":{"self":[{"href":"http:\/\/hostcasadepiedra.com.ar\/hosteria\/wp-json\/wp\/v2\/pages\/76","targetHints":{"allow":["GET"]}}],"collection":[{"href":"http:\/\/hostcasadepiedra.com.ar\/hosteria\/wp-json\/wp\/v2\/pages"}],"about":[{"href":"http:\/\/hostcasadepiedra.com.ar\/hosteria\/wp-json\/wp\/v2\/types\/page"}],"author":[{"embeddable":true,"href":"http:\/\/hostcasadepiedra.com.ar\/hosteria\/wp-json\/wp\/v2\/users\/1"}],"replies":[{"embeddable":true,"href":"http:\/\/hostcasadepiedra.com.ar\/hosteria\/wp-json\/wp\/v2\/comments?post=76"}],"version-history":[{"count":21,"href":"http:\/\/hostcasadepiedra.com.ar\/hosteria\/wp-json\/wp\/v2\/pages\/76\/revisions"}],"predecessor-version":[{"id":80,"href":"http:\/\/hostcasadepiedra.com.ar\/hosteria\/wp-json\/wp\/v2\/pages\/76\/revisions\/80"}],"wp:attachment":[{"href":"http:\/\/hostcasadepiedra.com.ar\/hosteria\/wp-json\/wp\/v2\/media?parent=76"}],"curies":[{"name":"wp","href":"https:\/\/api.w.org\/{rel}","templated":true}]}}